{"id":5392,"date":"2023-05-12T11:48:45","date_gmt":"2023-05-12T08:48:45","guid":{"rendered":"https:\/\/newlistingdubai.com\/hakkimizda\/"},"modified":"2024-11-14T18:20:29","modified_gmt":"2024-11-14T15:20:29","slug":"hakkimizda","status":"publish","type":"page","link":"https:\/\/newlistingdubai.com\/tr\/hakkimizda\/","title":{"rendered":"Hakk\u0131m\u0131zda"},"content":{"rendered":"\t\t<div data-elementor-type=\"wp-page\" data-elementor-id=\"5392\" class=\"elementor elementor-5392 elementor-86\" data-elementor-post-type=\"page\">\n\t\t\t\t\t\t<section class=\"elementor-section elementor-top-section elementor-element elementor-element-759055e1 elementor-section-height-min-height elementor-section-boxed elementor-section-height-default elementor-section-items-middle\" data-id=\"759055e1\" data-element_type=\"section\" data-settings=\"{&quot;background_background&quot;:&quot;slideshow&quot;,&quot;background_slideshow_gallery&quot;:[{&quot;id&quot;:8850,&quot;url&quot;:&quot;https:\\\/\\\/newlistingdubai.com\\\/wp-content\\\/uploads\\\/2024\\\/09\\\/about-us-banner-new-listing-dubai.jpg&quot;}],&quot;background_slideshow_loop&quot;:&quot;yes&quot;,&quot;background_slideshow_slide_duration&quot;:5000,&quot;background_slideshow_slide_transition&quot;:&quot;fade&quot;,&quot;background_slideshow_transition_duration&quot;:500,&quot;ekit_has_onepagescroll_dot&quot;:&quot;yes&quot;}\">\n\t\t\t\t\t\t<div class=\"elementor-container elementor-column-gap-default\">\n\t\t\t\t\t<div class=\"elementor-column elementor-col-100 elementor-top-column elementor-element elementor-element-40e7e2e\" data-id=\"40e7e2e\" data-element_type=\"column\">\n\t\t\t<div class=\"elementor-widget-wrap elementor-element-populated\">\n\t\t\t\t\t\t<div class=\"elementor-element elementor-element-7cd200ef elementor-widget elementor-widget-heading\" data-id=\"7cd200ef\" data-element_type=\"widget\" data-settings=\"{&quot;ekit_we_effect_on&quot;:&quot;none&quot;}\" data-widget_type=\"heading.default\">\n\t\t\t\t<div class=\"elementor-widget-container\">\n\t\t\t\t\t<h1 class=\"elementor-heading-title elementor-size-default\">HAKKIMIZDA <\/h1>\t\t\t\t<\/div>\n\t\t\t\t<\/div>\n\t\t\t\t<div class=\"elementor-element elementor-element-1a6d0bb5 elementor-view-default elementor-widget elementor-widget-icon\" data-id=\"1a6d0bb5\" data-element_type=\"widget\" data-settings=\"{&quot;ekit_we_effect_on&quot;:&quot;none&quot;}\" data-widget_type=\"icon.default\">\n\t\t\t\t<div class=\"elementor-widget-container\">\n\t\t\t\t\t\t\t<div class=\"elementor-icon-wrapper\">\n\t\t\t<div class=\"elementor-icon\">\n\t\t\t<i aria-hidden=\"true\" class=\"icon icon-chevron-down\"><\/i>\t\t\t<\/div>\n\t\t<\/div>\n\t\t\t\t\t\t<\/div>\n\t\t\t\t<\/div>\n\t\t\t\t<div class=\"elementor-element elementor-element-139c40f7 elementor-widget elementor-widget-elementskit-breadcrumb\" data-id=\"139c40f7\" data-element_type=\"widget\" data-settings=\"{&quot;ekit_we_effect_on&quot;:&quot;none&quot;}\" data-widget_type=\"elementskit-breadcrumb.default\">\n\t\t\t\t<div class=\"elementor-widget-container\">\n\t\t\t\t\t<div class=\"ekit-wid-con\" ><ol class=\"ekit-breadcrumb\"><li class=\"ekit_breadcrumbs_start\"><a href=\"https:\/\/newlistingdubai.com\/tr\/\">Home<\/a><\/li> <li class=\"brd_sep\"> &raquo; <\/li>  <li>Hakk\u0131m\u0131zda<\/li><\/ol><\/div>\t\t\t\t<\/div>\n\t\t\t\t<\/div>\n\t\t\t\t\t<\/div>\n\t\t<\/div>\n\t\t\t\t\t<\/div>\n\t\t<\/section>\n\t\t\t\t<section class=\"elementor-section elementor-top-section elementor-element elementor-element-32cb0e2 elementor-section-boxed elementor-section-height-default elementor-section-height-default\" data-id=\"32cb0e2\" data-element_type=\"section\" data-settings=\"{&quot;ekit_has_onepagescroll_dot&quot;:&quot;yes&quot;}\">\n\t\t\t\t\t\t<div class=\"elementor-container elementor-column-gap-default\">\n\t\t\t\t\t<div class=\"elementor-column elementor-col-100 elementor-top-column elementor-element elementor-element-8d98e27\" data-id=\"8d98e27\" data-element_type=\"column\">\n\t\t\t<div class=\"elementor-widget-wrap elementor-element-populated\">\n\t\t\t\t\t\t<div class=\"elementor-element elementor-element-215496c elementor-widget elementor-widget-text-editor\" data-id=\"215496c\" data-element_type=\"widget\" data-settings=\"{&quot;ekit_we_effect_on&quot;:&quot;none&quot;}\" data-widget_type=\"text-editor.default\">\n\t\t\t\t<div class=\"elementor-widget-container\">\n\t\t\t\t\t\t\t\t\t<p>\u275d New Listing Dubai olarak vizyonumuz, Dubai&#8217;de gayrimenkul dan\u0131\u015fmanl\u0131\u011f\u0131 alan\u0131nda lider olmak ve m\u00fc\u015fterilerimize unutulmaz bir deneyim ya\u015fatmakt\u0131r. Sekt\u00f6rdeki trendleri takip ederek yenilik\u00e7i \u00e7\u00f6z\u00fcmler sunmay\u0131 ve m\u00fc\u015fterilerimizin ihtiya\u00e7lar\u0131n\u0131 a\u015fmak i\u00e7in tutkuyla \u00e7al\u0131\u015fmay\u0131 hedefliyoruz. Gayrimenkul yolculu\u011funda g\u00fcvenilir bir ortak olarak, m\u00fc\u015fterilerimize de\u011fer katmay\u0131, yat\u0131r\u0131mlar\u0131n\u0131 en \u00fcst d\u00fczeye \u00e7\u0131karmay\u0131 ve gelecekte s\u00fcrd\u00fcr\u00fclebilir ba\u015far\u0131 sa\u011flamay\u0131 hedefliyoruz. Gayrimenkul hedeflerinizi ger\u00e7e\u011fe d\u00f6n\u00fc\u015ft\u00fcrmek i\u00e7in New Listing Dubai ile \u00e7al\u0131\u015fmaktan heyecan duyuyoruz.\u275e<\/p>\t\t\t\t\t\t\t\t<\/div>\n\t\t\t\t<\/div>\n\t\t\t\t\t<\/div>\n\t\t<\/div>\n\t\t\t\t\t<\/div>\n\t\t<\/section>\n\t\t\t\t<section class=\"elementor-section elementor-top-section elementor-element elementor-element-2cb106f elementor-section-stretched elementor-section-boxed elementor-section-height-default elementor-section-height-default\" data-id=\"2cb106f\" data-element_type=\"section\" data-settings=\"{&quot;background_background&quot;:&quot;gradient&quot;,&quot;stretch_section&quot;:&quot;section-stretched&quot;,&quot;ekit_has_onepagescroll_dot&quot;:&quot;yes&quot;}\">\n\t\t\t\t\t\t\t<div class=\"elementor-background-overlay\"><\/div>\n\t\t\t\t\t\t\t<div class=\"elementor-container elementor-column-gap-default\">\n\t\t\t\t\t<div class=\"elementor-column elementor-col-50 elementor-top-column elementor-element elementor-element-c116701\" data-id=\"c116701\" data-element_type=\"column\" data-settings=\"{&quot;background_background&quot;:&quot;slideshow&quot;,&quot;background_slideshow_gallery&quot;:[],&quot;background_slideshow_loop&quot;:&quot;yes&quot;,&quot;background_slideshow_slide_duration&quot;:5000,&quot;background_slideshow_slide_transition&quot;:&quot;fade&quot;,&quot;background_slideshow_transition_duration&quot;:500}\">\n\t\t\t<div class=\"elementor-widget-wrap elementor-element-populated\">\n\t\t\t\t\t\t<div class=\"elementor-element elementor-element-4d3e9b4 elementor-widget elementor-widget-image\" data-id=\"4d3e9b4\" data-element_type=\"widget\" data-settings=\"{&quot;ekit_we_effect_on&quot;:&quot;none&quot;}\" data-widget_type=\"image.default\">\n\t\t\t\t<div class=\"elementor-widget-container\">\n\t\t\t\t\t\t\t\t\t\t\t\t\t\t\t<img fetchpriority=\"high\" decoding=\"async\" width=\"1200\" height=\"1720\" src=\"https:\/\/newlistingdubai.com\/wp-content\/uploads\/2024\/09\/alena-ahmet-bayram-real-estate-dubai.jpg\" class=\"attachment-full size-full wp-image-8675\" alt=\"\" srcset=\"https:\/\/newlistingdubai.com\/wp-content\/uploads\/2024\/09\/alena-ahmet-bayram-real-estate-dubai.jpg 1200w, https:\/\/newlistingdubai.com\/wp-content\/uploads\/2024\/09\/alena-ahmet-bayram-real-estate-dubai-209x300.jpg 209w, https:\/\/newlistingdubai.com\/wp-content\/uploads\/2024\/09\/alena-ahmet-bayram-real-estate-dubai-714x1024.jpg 714w, https:\/\/newlistingdubai.com\/wp-content\/uploads\/2024\/09\/alena-ahmet-bayram-real-estate-dubai-768x1101.jpg 768w, https:\/\/newlistingdubai.com\/wp-content\/uploads\/2024\/09\/alena-ahmet-bayram-real-estate-dubai-1072x1536.jpg 1072w\" sizes=\"(max-width: 1200px) 100vw, 1200px\" \/>\t\t\t\t\t\t\t\t\t\t\t\t\t\t\t<\/div>\n\t\t\t\t<\/div>\n\t\t\t\t\t<\/div>\n\t\t<\/div>\n\t\t\t\t<div class=\"elementor-column elementor-col-50 elementor-top-column elementor-element elementor-element-ebc54cc\" data-id=\"ebc54cc\" data-element_type=\"column\" data-settings=\"{&quot;background_background&quot;:&quot;classic&quot;}\">\n\t\t\t<div class=\"elementor-widget-wrap elementor-element-populated\">\n\t\t\t\t\t<div class=\"elementor-background-overlay\"><\/div>\n\t\t\t\t\t\t<div class=\"elementor-element elementor-element-582ea5f elementor-widget__width-initial elementor-absolute elementor-widget elementor-widget-elementskit-heading\" data-id=\"582ea5f\" data-element_type=\"widget\" data-settings=\"{&quot;_position&quot;:&quot;absolute&quot;,&quot;ekit_we_effect_on&quot;:&quot;none&quot;}\" data-widget_type=\"elementskit-heading.default\">\n\t\t\t\t<div class=\"elementor-widget-container\">\n\t\t\t\t\t<div class=\"ekit-wid-con\" ><div class=\"ekit-heading elementskit-section-title-wraper text_left   ekit_heading_tablet-   ekit_heading_mobile-\"><span class=\"ekit-heading--title elementskit-section-title \"><span><span>Dubai<\/span><\/span><\/span><\/div><\/div>\t\t\t\t<\/div>\n\t\t\t\t<\/div>\n\t\t\t\t<div class=\"elementor-element elementor-element-e4e510a elementor-widget__width-initial elementor-widget elementor-widget-elementskit-heading\" data-id=\"e4e510a\" data-element_type=\"widget\" data-settings=\"{&quot;ekit_we_effect_on&quot;:&quot;none&quot;}\" data-widget_type=\"elementskit-heading.default\">\n\t\t\t\t<div class=\"elementor-widget-container\">\n\t\t\t\t\t<div class=\"ekit-wid-con\" ><div class=\"ekit-heading elementskit-section-title-wraper text_left   ekit_heading_tablet-   ekit_heading_mobile-\"><span class=\"ekit-heading--title elementskit-section-title \">New Listing <\/span><div class=\"ekit_heading_separetor_wraper ekit_heading_elementskit-border-divider elementskit-style-long\"><div class=\"elementskit-border-divider elementskit-style-long\"><\/div><\/div><\/div><\/div>\t\t\t\t<\/div>\n\t\t\t\t<\/div>\n\t\t\t\t<div class=\"elementor-element elementor-element-7b088b8 elementor-widget__width-initial elementor-widget-mobile__width-initial elementor-widget-laptop__width-initial elementor-widget elementor-widget-text-editor\" data-id=\"7b088b8\" data-element_type=\"widget\" data-settings=\"{&quot;ekit_we_effect_on&quot;:&quot;none&quot;}\" data-widget_type=\"text-editor.default\">\n\t\t\t\t<div class=\"elementor-widget-container\">\n\t\t\t\t\t\t\t\t\t<p>New Listing Dubai olarak, Dubai&#8217;nin en prestijli b\u00f6lgelerinde benzersiz l\u00fcks gayrimenkul dan\u0131\u015fmanl\u0131\u011f\u0131 hizmetleri sunuyoruz. Ahmet Bayram ve Alena Bayram taraf\u0131ndan kurulan \u015firketimiz, Dubai&#8217;nin b\u00fcy\u00fcleyici gayrimenkul d\u00fcnyas\u0131nda yat\u0131r\u0131m yapmak isteyen se\u00e7kin m\u00fc\u015fterilerimize en iyi f\u0131rsatlar\u0131 sunmaya kendini adam\u0131\u015ft\u0131r. Yenilik\u00e7i yakla\u015f\u0131m\u0131m\u0131z ve sekt\u00f6rdeki derin tecr\u00fcbemizle her m\u00fc\u015fterimizin ihtiya\u00e7lar\u0131na en uygun \u00e7\u00f6z\u00fcmleri buluyor ve beklentilerini en \u00fcst d\u00fczeyde kar\u015f\u0131l\u0131yoruz.<\/p><p>Misyonumuz, m\u00fc\u015fterilerimize gayrimenkul yat\u0131r\u0131mlar\u0131nda profesyonel rehberlik sa\u011flayarak do\u011fru kararlar almalar\u0131na yard\u0131mc\u0131 olmakt\u0131r. L\u00fcks konutlardan g\u00f6z al\u0131c\u0131 villalara, ticari gayrimenkullerden yat\u0131r\u0131m f\u0131rsatlar\u0131na kadar, m\u00fc\u015fterilerimizin Dubai&#8217;nin sunduklar\u0131ndan en iyi \u015fekilde yararlanmalar\u0131na yard\u0131mc\u0131 olmak i\u00e7in geni\u015f bir portf\u00f6y sunuyoruz. Her ad\u0131mda m\u00fc\u015fterilerimizin hayallerini ger\u00e7e\u011fe d\u00f6n\u00fc\u015ft\u00fcrmek i\u00e7in \u00e7abal\u0131yoruz.<\/p><p>New Listing Dubai&#8217;de d\u00fcr\u00fcstl\u00fck, g\u00fcven ve m\u00fckemmellik ilkeleriyle hareket ediyoruz. M\u00fc\u015fteri memnuniyetini listemizin en ba\u015f\u0131na koyuyor ve her bireyin \u00f6zel gereksinimlerine g\u00f6re ki\u015fiselle\u015ftirilmi\u015f \u00e7\u00f6z\u00fcmler \u00fcretiyoruz. Dubai&#8217;nin h\u0131zla b\u00fcy\u00fcyen emlak piyasas\u0131nda lider olma hedefimizle, m\u00fc\u015fterilerimize d\u00fcnya standartlar\u0131nda hizmet sunmaya devam edece\u011fiz.<\/p>\t\t\t\t\t\t\t\t<\/div>\n\t\t\t\t<\/div>\n\t\t\t\t\t<\/div>\n\t\t<\/div>\n\t\t\t\t\t<\/div>\n\t\t<\/section>\n\t\t\t\t<section data-ekitparallax=\"{&quot;ekit_section_parallax_bg&quot;:&quot;yes&quot;,&quot;ekit_section_parallax_bg_speed&quot;:0.5,&quot;elementor_lazy_load&quot;:&quot;1&quot;}\" class=\"elementor-section elementor-top-section elementor-element elementor-element-50586a55 elementor-section-full_width elementor-section-height-default elementor-section-height-default\" data-id=\"50586a55\" data-element_type=\"section\" data-settings=\"{&quot;background_background&quot;:&quot;classic&quot;,&quot;ekit_has_onepagescroll_dot&quot;:&quot;yes&quot;}\">\n\t\t\t\t\t\t\t<div class=\"elementor-background-overlay\"><\/div>\n\t\t\t\t\t\t\t<div class=\"elementor-container elementor-column-gap-no\">\n\t\t\t\t\t<div class=\"elementor-column elementor-col-100 elementor-top-column elementor-element elementor-element-734e5e4\" data-id=\"734e5e4\" data-element_type=\"column\">\n\t\t\t<div class=\"elementor-widget-wrap elementor-element-populated\">\n\t\t\t\t\t\t<div class=\"elementor-element elementor-element-50e74358 elementor-widget elementor-widget-elementskit-heading\" data-id=\"50e74358\" data-element_type=\"widget\" data-settings=\"{&quot;ekit_we_effect_on&quot;:&quot;none&quot;}\" data-widget_type=\"elementskit-heading.default\">\n\t\t\t\t<div class=\"elementor-widget-container\">\n\t\t\t\t\t<div class=\"ekit-wid-con\" ><div class=\"ekit-heading elementskit-section-title-wraper text_center   ekit_heading_tablet-   ekit_heading_mobile-text_center\"><span class=\"ekit-heading--title elementskit-section-title \">bizi daha yak\u0131ndan tan\u0131y\u0131n<\/span><\/div><\/div>\t\t\t\t<\/div>\n\t\t\t\t<\/div>\n\t\t\t\t\t<\/div>\n\t\t<\/div>\n\t\t\t\t\t<\/div>\n\t\t<\/section>\n\t\t\t\t<section class=\"elementor-section elementor-top-section elementor-element elementor-element-6c81a413 elementor-section-boxed elementor-section-height-default elementor-section-height-default\" data-id=\"6c81a413\" data-element_type=\"section\" data-settings=\"{&quot;ekit_has_onepagescroll_dot&quot;:&quot;yes&quot;}\">\n\t\t\t\t\t\t<div class=\"elementor-container elementor-column-gap-default\">\n\t\t\t\t\t<div class=\"elementor-column elementor-col-100 elementor-top-column elementor-element elementor-element-1dcf985b\" data-id=\"1dcf985b\" data-element_type=\"column\">\n\t\t\t<div class=\"elementor-widget-wrap elementor-element-populated\">\n\t\t\t\t\t\t<div class=\"elementor-element elementor-element-5ac24c56 elementor-widget elementor-widget-elementskit-heading\" data-id=\"5ac24c56\" data-element_type=\"widget\" data-settings=\"{&quot;_animation&quot;:&quot;none&quot;,&quot;ekit_we_effect_on&quot;:&quot;none&quot;}\" data-widget_type=\"elementskit-heading.default\">\n\t\t\t\t<div class=\"elementor-widget-container\">\n\t\t\t\t\t<div class=\"ekit-wid-con\" ><div class=\"ekit-heading elementskit-section-title-wraper text_center   ekit_heading_tablet-   ekit_heading_mobile-\"><h2 class=\"ekit-heading--title elementskit-section-title \">Daha Fazla Bilgi \u0130\u00e7in Bize Ula\u015f\u0131n<\/h2><\/div><\/div>\t\t\t\t<\/div>\n\t\t\t\t<\/div>\n\t\t\t\t<div class=\"elementor-element elementor-element-c5808c7 elementor-widget elementor-widget-html\" data-id=\"c5808c7\" data-element_type=\"widget\" data-settings=\"{&quot;ekit_we_effect_on&quot;:&quot;none&quot;}\" data-widget_type=\"html.default\">\n\t\t\t\t<div class=\"elementor-widget-container\">\n\t\t\t\t\t<style id=\"wpforms-css-vars-10506\">\n\t\t\t\t#wpforms-10506 {\n\t\t\t\t\n\t\t\t}\n\t\t\t<\/style><div class=\"wpforms-container wpforms-container-full wpforms-render-modern\" id=\"wpforms-10506\"><form id=\"wpforms-form-10506\" class=\"wpforms-validate wpforms-form\" data-formid=\"10506\" method=\"post\" enctype=\"multipart\/form-data\" action=\"\/tr\/wp-json\/wp\/v2\/pages\/5392\" data-token=\"fd947672728b18e66d21cf26ca7189da\" data-token-time=\"1777493169\"><noscript class=\"wpforms-error-noscript\">Bu formu bitirebilmek i\u00e7in taray\u0131c\u0131n\u0131zda JavaScript&#039;i etkinle\u015ftirin.<\/noscript><div id=\"wpforms-error-noscript\" style=\"display: none;\">Bu formu bitirebilmek i\u00e7in taray\u0131c\u0131n\u0131zda JavaScript&#039;i etkinle\u015ftirin.<\/div><div class=\"wpforms-field-container\"><div id=\"wpforms-10506-field_1-container\" class=\"wpforms-field wpforms-field-name\" data-field-id=\"1\"><label class=\"wpforms-field-label wpforms-label-hide\" for=\"wpforms-10506-field_1\" aria-hidden=\"false\">\u0130sim <span class=\"wpforms-required-label\" aria-hidden=\"true\">*<\/span><\/label><input type=\"text\" id=\"wpforms-10506-field_1\" class=\"wpforms-field-large wpforms-field-required\" name=\"wpforms[fields][1]\" placeholder=\"\u0130sim\" aria-errormessage=\"wpforms-10506-field_1-error\" required><\/div><div id=\"wpforms-10506-field_2-container\" class=\"wpforms-field wpforms-field-email\" data-field-id=\"2\"><label class=\"wpforms-field-label wpforms-label-hide\" for=\"wpforms-10506-field_2\" aria-hidden=\"false\">e-posta <span class=\"wpforms-required-label\" aria-hidden=\"true\">*<\/span><\/label><input type=\"email\" id=\"wpforms-10506-field_2\" class=\"wpforms-field-large wpforms-field-required\" name=\"wpforms[fields][2]\" placeholder=\"E-Posta\" spellcheck=\"false\" aria-errormessage=\"wpforms-10506-field_2-error\" required><\/div><div id=\"wpforms-10506-field_3-container\" class=\"wpforms-field wpforms-field-phone\" data-field-id=\"3\"><label class=\"wpforms-field-label wpforms-label-hide\" for=\"wpforms-10506-field_3\" aria-hidden=\"false\">telefon <span class=\"wpforms-required-label\" aria-hidden=\"true\">*<\/span><\/label><input type=\"tel\" id=\"wpforms-10506-field_3\" class=\"wpforms-field-large wpforms-field-required wpforms-smart-phone-field\" data-rule-smart-phone-field=\"true\" name=\"wpforms[fields][3]\" aria-label=\"telefon\" aria-errormessage=\"wpforms-10506-field_3-error\" required><\/div><div id=\"wpforms-10506-field_6-container\" class=\"wpforms-field wpforms-field-textarea\" data-field-id=\"6\"><label class=\"wpforms-field-label wpforms-label-hide\" for=\"wpforms-10506-field_6\" aria-hidden=\"false\">mesaj <span class=\"wpforms-required-label\" aria-hidden=\"true\">*<\/span><\/label><textarea id=\"wpforms-10506-field_6\" class=\"wpforms-field-medium wpforms-field-required\" name=\"wpforms[fields][6]\" placeholder=\"Mesaj\u0131n\u0131z\" aria-errormessage=\"wpforms-10506-field_6-error\" required><\/textarea><\/div><\/div><!-- .wpforms-field-container --><div class=\"wpforms-recaptcha-container wpforms-is-recaptcha wpforms-is-recaptcha-type-v2\" ><div class=\"g-recaptcha\" data-sitekey=\"6LcT_HcqAAAAAHI6xGMMJ8sXtC3dhKAQYl4z7uva\"><\/div><input type=\"text\" name=\"g-recaptcha-hidden\" class=\"wpforms-recaptcha-hidden\" style=\"position:absolute!important;clip:rect(0,0,0,0)!important;height:1px!important;width:1px!important;border:0!important;overflow:hidden!important;padding:0!important;margin:0!important;\" data-rule-recaptcha=\"1\"><\/div><div class=\"wpforms-submit-container\" ><input type=\"hidden\" name=\"wpforms[id]\" value=\"10506\"><input type=\"hidden\" name=\"page_title\" value=\"\"><input type=\"hidden\" name=\"page_url\" value=\"https:\/\/newlistingdubai.com\/tr\/wp-json\/wp\/v2\/pages\/5392\"><input type=\"hidden\" name=\"url_referer\" value=\"\"><button type=\"submit\" name=\"wpforms[submit]\" id=\"wpforms-submit-10506\" class=\"wpforms-submit\" aria-live=\"assertive\" value=\"wpforms-submit\">G\u00f6nder<\/button><\/div><\/form><\/div>  <!-- .wpforms-container -->\t\t\t\t<\/div>\n\t\t\t\t<\/div>\n\t\t\t\t\t<\/div>\n\t\t<\/div>\n\t\t\t\t\t<\/div>\n\t\t<\/section>\n\t\t\t\t<\/div>\n\t\t","protected":false},"excerpt":{"rendered":"<p>HAKKIMIZDA Home \u275d New Listing Dubai olarak vizyonumuz, Dubai&#8217;de gayrimenkul dan\u0131\u015fmanl\u0131\u011f\u0131 alan\u0131nda lider olmak ve m\u00fc\u015fterilerimize unutulmaz bir deneyim ya\u015fatmakt\u0131r. Sekt\u00f6rdeki trendleri takip ederek yenilik\u00e7i \u00e7\u00f6z\u00fcmler sunmay\u0131 ve m\u00fc\u015fterilerimizin ihtiya\u00e7lar\u0131n\u0131 a\u015fmak i\u00e7in tutkuyla \u00e7al\u0131\u015fmay\u0131 hedefliyoruz. Gayrimenkul yolculu\u011funda g\u00fcvenilir bir ortak olarak, m\u00fc\u015fterilerimize de\u011fer katmay\u0131, yat\u0131r\u0131mlar\u0131n\u0131 en \u00fcst d\u00fczeye \u00e7\u0131karmay\u0131 ve gelecekte s\u00fcrd\u00fcr\u00fclebilir ba\u015far\u0131 sa\u011flamay\u0131 hedefliyoruz. [&hellip;]<\/p>\n","protected":false},"author":1,"featured_media":8673,"parent":0,"menu_order":0,"comment_status":"closed","ping_status":"closed","template":"","meta":{"_acf_changed":false,"footnotes":""},"class_list":["post-5392","page","type-page","status-publish","has-post-thumbnail","hentry"],"acf":[],"_links":{"self":[{"href":"https:\/\/newlistingdubai.com\/tr\/wp-json\/wp\/v2\/pages\/5392","targetHints":{"allow":["GET"]}}],"collection":[{"href":"https:\/\/newlistingdubai.com\/tr\/wp-json\/wp\/v2\/pages"}],"about":[{"href":"https:\/\/newlistingdubai.com\/tr\/wp-json\/wp\/v2\/types\/page"}],"author":[{"embeddable":true,"href":"https:\/\/newlistingdubai.com\/tr\/wp-json\/wp\/v2\/users\/1"}],"replies":[{"embeddable":true,"href":"https:\/\/newlistingdubai.com\/tr\/wp-json\/wp\/v2\/comments?post=5392"}],"version-history":[{"count":35,"href":"https:\/\/newlistingdubai.com\/tr\/wp-json\/wp\/v2\/pages\/5392\/revisions"}],"predecessor-version":[{"id":10575,"href":"https:\/\/newlistingdubai.com\/tr\/wp-json\/wp\/v2\/pages\/5392\/revisions\/10575"}],"wp:featuredmedia":[{"embeddable":true,"href":"https:\/\/newlistingdubai.com\/tr\/wp-json\/wp\/v2\/media\/8673"}],"wp:attachment":[{"href":"https:\/\/newlistingdubai.com\/tr\/wp-json\/wp\/v2\/media?parent=5392"}],"curies":[{"name":"wp","href":"https:\/\/api.w.org\/{rel}","templated":true}]}}