{"id":9803,"date":"2024-10-01T11:55:19","date_gmt":"2024-10-01T08:55:19","guid":{"rendered":"https:\/\/newlistingdubai.com\/pdpl\/"},"modified":"2024-10-01T12:02:55","modified_gmt":"2024-10-01T09:02:55","slug":"kvkk","status":"publish","type":"page","link":"https:\/\/newlistingdubai.com\/tr\/kvkk\/","title":{"rendered":"KVKK"},"content":{"rendered":"\t\t<div data-elementor-type=\"wp-page\" data-elementor-id=\"9803\" class=\"elementor elementor-9803 elementor-9789\" data-elementor-post-type=\"page\">\n\t\t\t\t\t\t<section class=\"elementor-section elementor-top-section elementor-element elementor-element-3f38c6f elementor-section-height-min-height elementor-section-boxed elementor-section-height-default elementor-section-items-middle\" data-id=\"3f38c6f\" data-element_type=\"section\" data-settings=\"{&quot;background_background&quot;:&quot;classic&quot;,&quot;ekit_has_onepagescroll_dot&quot;:&quot;yes&quot;}\">\n\t\t\t\t\t\t<div class=\"elementor-container elementor-column-gap-default\">\n\t\t\t\t\t<div class=\"elementor-column elementor-col-100 elementor-top-column elementor-element elementor-element-3bf2917\" data-id=\"3bf2917\" data-element_type=\"column\">\n\t\t\t<div class=\"elementor-widget-wrap\">\n\t\t\t\t\t\t\t<\/div>\n\t\t<\/div>\n\t\t\t\t\t<\/div>\n\t\t<\/section>\n\t\t\t\t<section class=\"elementor-section elementor-top-section elementor-element elementor-element-695cd5f elementor-section-boxed elementor-section-height-default elementor-section-height-default\" data-id=\"695cd5f\" data-element_type=\"section\" data-settings=\"{&quot;ekit_has_onepagescroll_dot&quot;:&quot;yes&quot;}\">\n\t\t\t\t\t\t<div class=\"elementor-container elementor-column-gap-default\">\n\t\t\t\t\t<div class=\"elementor-column elementor-col-100 elementor-top-column elementor-element elementor-element-a60614a\" data-id=\"a60614a\" data-element_type=\"column\">\n\t\t\t<div class=\"elementor-widget-wrap elementor-element-populated\">\n\t\t\t\t\t\t<div class=\"elementor-element elementor-element-3490170 elementor-widget elementor-widget-text-editor\" data-id=\"3490170\" data-element_type=\"widget\" data-settings=\"{&quot;ekit_we_effect_on&quot;:&quot;none&quot;}\" data-widget_type=\"text-editor.default\">\n\t\t\t\t<div class=\"elementor-widget-container\">\n\t\t\t\t\t\t\t\t\t<p>KI\u0307\u015eI\u0307SEL VERI\u0307LERI\u0307N KORUNMASI KANUNU<br \/>Kanun Numaras\u0131 : 6698<br \/>Onay Tarihi : 24\/3\/2016<br \/>Resmi Gazete\u2019de Yay\u0131mlanm\u0131\u015ft\u0131r: Tarih: 7\/4\/2016 Say\u0131: 29677<br \/>Hukuk : S\u0131rayla Yay\u0131mlanm\u0131\u015ft\u0131r: Cilt 5 Say\u0131: 57<\/p><p>B\u0130R\u0130NC\u0130 B\u00d6L\u00dcM<br \/>Ama\u00e7, Kapsam ve Tan\u0131mlar<\/p><p>Ama\u00e7<\/p><p>MADDE 1 \u2013 (1) Bu Kanunun amac\u0131; ki\u015fisel verilerin i\u015flenmesinde ba\u015fta \u00f6zel hayat\u0131n gizlili\u011fi olmak \u00fczere ki\u015filerin temel hak ve \u00f6zg\u00fcrl\u00fcklerini korumak ve ki\u015fisel verileri i\u015fleyen ger\u00e7ek ve t\u00fczel ki\u015filerin y\u00fck\u00fcml\u00fcl\u00fckleri ile uyacaklar\u0131 usul ve esaslar\u0131 d\u00fczenlemektir.<\/p><p>Kapsam<\/p><p>MADDE 2 \u2013 (2) Bu Kanun h\u00fck\u00fcmleri, ki\u015fisel verileri i\u015flenen ger\u00e7ek ki\u015filer ile bu verileri tamamen veya k\u0131smen otomatik olan ya da herhangi bir veri kay\u0131t sisteminin par\u00e7as\u0131 olmak kayd\u0131yla otomatik olmayan yollarla i\u015fleyen ger\u00e7ek veya t\u00fczel ki\u015filer hakk\u0131nda uygulan\u0131r.<\/p><p>Tan\u0131mlar<\/p><p>MADDE 3 \u2013 (1) Bu Kanunun uygulanmas\u0131nda<\/p><p>(a) \u201cA\u00e7\u0131k r\u0131za\u201d \u00f6zg\u00fcrce verilmi\u015f, belirli ve bilgilendirilmi\u015f r\u0131za anlam\u0131na gelir,<\/p><p>(b) \u201cAnonim hale getirme\u201d ki\u015fisel verilerin, ba\u015fka verilerle e\u015fle\u015ftirilerek dahi hi\u00e7bir surette kimli\u011fi belirli veya belirlenebilir bir ger\u00e7ek ki\u015fiyle ili\u015fkilendirilemeyecek hale getirilmesini ifade eder,<\/p><p>(c) \u201cBa\u015fkan\u201d Ki\u015fisel Verileri Koruma Kurumu Ba\u015fkan\u0131 anlam\u0131na gelir,<\/p><p>(\u00e7) \u201cVeri sahibi\u201d (ilgili ger\u00e7ek ki\u015fi), ki\u015fisel verileri i\u015flenen ger\u00e7ek ki\u015fiyi ifade eder,<\/p><p>(d) \u201cKi\u015fisel veri\u201d tan\u0131mlanm\u0131\u015f veya tan\u0131mlanabilir bir ger\u00e7ek ki\u015fiye ili\u015fkin her t\u00fcrl\u00fc bilgi anlam\u0131na gelir,<\/p><p>(e) \u201cKi\u015fisel verilerin i\u015flenmesi\u201d, ki\u015fisel verilerin tamamen veya k\u0131smen otomatik olan ya da herhangi bir veri kay\u0131t sisteminin par\u00e7as\u0131 olmak kayd\u0131yla otomatik olmayan yollarla elde edilmesi, kaydedilmesi, depolanmas\u0131, muhafaza edilmesi, de\u011fi\u015ftirilmesi, uyarlanmas\u0131, a\u00e7\u0131klanmas\u0131, aktar\u0131lmas\u0131, devral\u0131nmas\u0131, elde edilebilir h\u00e2le getirilmesi, s\u0131n\u0131fland\u0131r\u0131lmas\u0131 ya da kullan\u0131lmas\u0131n\u0131n engellenmesi gibi veriler \u00fczerinde ger\u00e7ekle\u015ftirilen her t\u00fcrl\u00fc i\u015flem anlam\u0131na gelmektedir,<\/p><p>(f) \u201cKurul\u201d Ki\u015fisel Verileri Koruma Kurulu anlam\u0131na gelir,<\/p><p>(g) \u201cKurum\u201d Ki\u015fisel Verileri Koruma Kurumu anlam\u0131na gelir,<\/p><p>(h) \u201cVeri \u0130\u015fleyen\u201d veri sorumlusu taraf\u0131ndan verilen yetkiye dayanarak veri sorumlusu ad\u0131na ki\u015fisel verileri i\u015fleyen ger\u00e7ek veya t\u00fczel ki\u015fiyi ifade eder,<\/p><p>(i) \u201cVeri kay\u0131t sistemi\u201d ki\u015fisel verilerin belirli kriterlere g\u00f6re yap\u0131land\u0131r\u0131larak i\u015flendi\u011fi sistemi ifade eder,<\/p><p>(j) \u201cVeri Sorumlusu\u201d ki\u015fisel verilerin i\u015fleme ama\u00e7lar\u0131n\u0131 ve vas\u0131talar\u0131n\u0131 belirleyen, veri kay\u0131t sisteminin kurulmas\u0131ndan ve y\u00f6netilmesinden sorumlu olan ger\u00e7ek veya t\u00fczel ki\u015fiyi ifade eder.<\/p>\t\t\t\t\t\t\t\t<\/div>\n\t\t\t\t<\/div>\n\t\t\t\t\t<\/div>\n\t\t<\/div>\n\t\t\t\t\t<\/div>\n\t\t<\/section>\n\t\t\t\t<\/div>\n\t\t","protected":false},"excerpt":{"rendered":"<p>KI\u0307\u015eI\u0307SEL VERI\u0307LERI\u0307N KORUNMASI KANUNU Kanun Numaras\u0131 : 6698 Onay Tarihi : 24\/3\/2016 Resmi Gazete\u2019de Yay\u0131mlanm\u0131\u015ft\u0131r: Tarih: 7\/4\/2016 Say\u0131: 29677 Hukuk : S\u0131rayla Yay\u0131mlanm\u0131\u015ft\u0131r: Cilt 5 Say\u0131: 57 B\u0130R\u0130NC\u0130 B\u00d6L\u00dcM Ama\u00e7, Kapsam ve Tan\u0131mlar Ama\u00e7 MADDE 1 \u2013 (1) Bu Kanunun amac\u0131; ki\u015fisel verilerin i\u015flenmesinde ba\u015fta \u00f6zel hayat\u0131n gizlili\u011fi olmak \u00fczere ki\u015filerin temel hak ve \u00f6zg\u00fcrl\u00fcklerini [&hellip;]<\/p>\n","protected":false},"author":1,"featured_media":0,"parent":0,"menu_order":0,"comment_status":"closed","ping_status":"closed","template":"","meta":{"_acf_changed":false,"footnotes":""},"class_list":["post-9803","page","type-page","status-publish","hentry"],"acf":[],"_links":{"self":[{"href":"https:\/\/newlistingdubai.com\/tr\/wp-json\/wp\/v2\/pages\/9803","targetHints":{"allow":["GET"]}}],"collection":[{"href":"https:\/\/newlistingdubai.com\/tr\/wp-json\/wp\/v2\/pages"}],"about":[{"href":"https:\/\/newlistingdubai.com\/tr\/wp-json\/wp\/v2\/types\/page"}],"author":[{"embeddable":true,"href":"https:\/\/newlistingdubai.com\/tr\/wp-json\/wp\/v2\/users\/1"}],"replies":[{"embeddable":true,"href":"https:\/\/newlistingdubai.com\/tr\/wp-json\/wp\/v2\/comments?post=9803"}],"version-history":[{"count":4,"href":"https:\/\/newlistingdubai.com\/tr\/wp-json\/wp\/v2\/pages\/9803\/revisions"}],"predecessor-version":[{"id":9811,"href":"https:\/\/newlistingdubai.com\/tr\/wp-json\/wp\/v2\/pages\/9803\/revisions\/9811"}],"wp:attachment":[{"href":"https:\/\/newlistingdubai.com\/tr\/wp-json\/wp\/v2\/media?parent=9803"}],"curies":[{"name":"wp","href":"https:\/\/api.w.org\/{rel}","templated":true}]}}